{"id":961,"date":"2026-02-22T23:00:49","date_gmt":"2026-02-22T22:00:49","guid":{"rendered":"https:\/\/kunterbunt-pfalz.de\/?page_id=961"},"modified":"2026-02-22T23:37:28","modified_gmt":"2026-02-22T22:37:28","slug":"anmeldung-konferenz","status":"publish","type":"page","link":"https:\/\/kunterbunt-pfalz.de\/index.php\/anmeldung-konferenz\/","title":{"rendered":"Anmeldung zur Konferenz"},"content":{"rendered":"\n<p><strong>Hiermit melde ich mich zur Kirche Kunterbunt-Konferenz am 29.8. in Bad D\u00fcrkheim an:<\/strong><\/p>\n\n\n<style id=\"wpforms-css-vars-946\">\n\t\t\t\t#wpforms-946 {\n\t\t\t\t--wpforms-field-size-input-height: 43px;\n--wpforms-field-size-input-spacing: 15px;\n--wpforms-field-size-font-size: 16px;\n--wpforms-field-size-line-height: 19px;\n--wpforms-field-size-padding-h: 14px;\n--wpforms-field-size-checkbox-size: 16px;\n--wpforms-field-size-sublabel-spacing: 5px;\n--wpforms-field-size-icon-size: 1;\n--wpforms-label-size-font-size: 16px;\n--wpforms-label-size-line-height: 19px;\n--wpforms-label-size-sublabel-font-size: 14px;\n--wpforms-label-size-sublabel-line-height: 17px;\n--wpforms-button-size-font-size: 17px;\n--wpforms-button-size-height: 41px;\n--wpforms-button-size-padding-h: 15px;\n--wpforms-button-size-margin-top: 10px;\n--wpforms-container-shadow-size-box-shadow: none;\n\t\t\t}\n\t\t\t<\/style><div class=\"wpforms-container wpforms-container-full wpforms-render-modern\" id=\"wpforms-946\"><form id=\"wpforms-form-946\" class=\"wpforms-validate wpforms-form wpforms-ajax-form\" data-formid=\"946\" method=\"post\" enctype=\"multipart\/form-data\" action=\"\/index.php\/wp-json\/wp\/v2\/pages\/961\" data-token=\"6e4d0f1d2aec17bb4fe16784ca8204af\" data-token-time=\"1776379463\"><noscript class=\"wpforms-error-noscript\">Bitte aktiviere JavaScript in deinem Browser, um dieses Formular fertigzustellen.<\/noscript><div id=\"wpforms-error-noscript\" style=\"display: none;\">Bitte aktiviere JavaScript in deinem Browser, um dieses Formular fertigzustellen.<\/div><div class=\"wpforms-field-container\"><div id=\"wpforms-946-field_5-container\" class=\"wpforms-field wpforms-field-name\" data-field-type=\"name\" data-field-id=\"5\"><fieldset><legend class=\"wpforms-field-label\">Name <span class=\"wpforms-required-label\" aria-hidden=\"true\">*<\/span><\/legend><div class=\"wpforms-field-row wpforms-field-medium\"><div class=\"wpforms-field-row-block wpforms-first wpforms-one-half\"><input type=\"text\" id=\"wpforms-946-field_5\" class=\"wpforms-field-name-first wpforms-field-required\" name=\"wpforms[fields][5][first]\" aria-errormessage=\"wpforms-946-field_5-error\" required><label for=\"wpforms-946-field_5\" class=\"wpforms-field-sublabel after\">Vorname<\/label><\/div><div class=\"wpforms-field-row-block wpforms-one-half\"><input type=\"text\" id=\"wpforms-946-field_5-last\" class=\"wpforms-field-name-last wpforms-field-required\" name=\"wpforms[fields][5][last]\" aria-errormessage=\"wpforms-946-field_5-last-error\" required><label for=\"wpforms-946-field_5-last\" class=\"wpforms-field-sublabel after\">Nachname<\/label><\/div><\/div><\/fieldset><\/div><div id=\"wpforms-946-field_6-container\" class=\"wpforms-field wpforms-field-email\" data-field-type=\"email\" data-field-id=\"6\"><label class=\"wpforms-field-label\" for=\"wpforms-946-field_6\">E-Mail-Adresse <span class=\"wpforms-required-label\" aria-hidden=\"true\">*<\/span><\/label><input type=\"email\" id=\"wpforms-946-field_6\" class=\"wpforms-field-medium wpforms-field-required\" name=\"wpforms[fields][6]\" spellcheck=\"false\" aria-errormessage=\"wpforms-946-field_6-error\" required><\/div><div id=\"wpforms-946-field_7-container\" class=\"wpforms-field wpforms-field-phone\" data-field-type=\"phone\" data-field-id=\"7\"><label class=\"wpforms-field-label\" for=\"wpforms-946-field_7\">Telefonnummer <span class=\"wpforms-required-label\" aria-hidden=\"true\">*<\/span><\/label><input type=\"tel\" id=\"wpforms-946-field_7\" class=\"wpforms-field-medium wpforms-field-required\" data-rule-int-phone-field=\"true\" name=\"wpforms[fields][7]\" aria-label=\"Telefonnummer\" aria-errormessage=\"wpforms-946-field_7-error\" required><\/div>\t\t<div id=\"wpforms-946-field_1-container\"\n\t\t\tclass=\"wpforms-field wpforms-field-text\"\n\t\t\tdata-field-type=\"text\"\n\t\t\tdata-field-id=\"1\"\n\t\t\t>\n\t\t\t<label class=\"wpforms-field-label\" for=\"wpforms-946-field_1\" >Name ich )<\/label>\n\t\t\t<input type=\"text\" id=\"wpforms-946-field_1\" class=\"wpforms-field-medium\" name=\"wpforms[fields][1]\" >\n\t\t<\/div>\n\t\t<div id=\"wpforms-946-field_9-container\" class=\"wpforms-field wpforms-field-text\" data-field-type=\"text\" data-field-id=\"9\"><label class=\"wpforms-field-label\" for=\"wpforms-946-field_9\">Stra\u00dfe und Hausnummer <span class=\"wpforms-required-label\" aria-hidden=\"true\">*<\/span><\/label><input type=\"text\" id=\"wpforms-946-field_9\" class=\"wpforms-field-medium wpforms-field-required\" name=\"wpforms[fields][9]\" aria-errormessage=\"wpforms-946-field_9-error\" required><\/div><div id=\"wpforms-946-field_10-container\" class=\"wpforms-field wpforms-field-text\" data-field-type=\"text\" data-field-id=\"10\"><label class=\"wpforms-field-label\" for=\"wpforms-946-field_10\">Postleitzahl und Ort <span class=\"wpforms-required-label\" aria-hidden=\"true\">*<\/span><\/label><input type=\"text\" id=\"wpforms-946-field_10\" class=\"wpforms-field-medium wpforms-field-required\" name=\"wpforms[fields][10]\" aria-errormessage=\"wpforms-946-field_10-error\" required><\/div><div id=\"wpforms-946-field_14-container\" class=\"wpforms-field wpforms-field-checkbox wpforms-conditional-trigger\" data-field-type=\"checkbox\" data-field-id=\"14\"><fieldset><legend class=\"wpforms-field-label wpforms-label-hide\" aria-hidden=\"false\">Team<\/legend><ul id=\"wpforms-946-field_14\"><li class=\"choice-1 depth-1\"><input type=\"checkbox\" id=\"wpforms-946-field_14_1\" name=\"wpforms[fields][14][]\" value=\"Ich bin in einem Kirche Kunterbunt-Team\" aria-errormessage=\"wpforms-946-field_14_1-error\"  ><label class=\"wpforms-field-label-inline\" for=\"wpforms-946-field_14_1\">Ich bin in einem Kirche Kunterbunt-Team<\/label><\/li><\/ul><\/fieldset><\/div><div id=\"wpforms-946-field_15-container\" class=\"wpforms-field wpforms-field-text wpforms-conditional-field wpforms-conditional-show\" data-field-type=\"text\" data-field-id=\"15\" style=\"display:none;\"><label class=\"wpforms-field-label\" for=\"wpforms-946-field_15\">Ort bzw. Name des Kirche Kunterbunt-Teams<\/label><input type=\"text\" id=\"wpforms-946-field_15\" class=\"wpforms-field-medium\" name=\"wpforms[fields][15]\" aria-errormessage=\"wpforms-946-field_15-error\" ><\/div><div id=\"wpforms-946-field_17-container\" class=\"wpforms-field wpforms-field-text\" data-field-type=\"text\" data-field-id=\"17\"><label class=\"wpforms-field-label\" for=\"wpforms-946-field_17\">Bemerkungen (vegetarisch, vegan, Unvertr\u00e4glichkeiten ... )<\/label><input type=\"text\" id=\"wpforms-946-field_17\" class=\"wpforms-field-medium\" name=\"wpforms[fields][17]\" aria-errormessage=\"wpforms-946-field_17-error\" ><\/div><div id=\"wpforms-946-field_18-container\" class=\"wpforms-field wpforms-field-textarea\" data-field-type=\"textarea\" data-field-id=\"18\"><label class=\"wpforms-field-label\" for=\"wpforms-946-field_18\">Das will ich noch sagen:<\/label><textarea id=\"wpforms-946-field_18\" class=\"wpforms-field-medium\" name=\"wpforms[fields][18]\" aria-errormessage=\"wpforms-946-field_18-error\" ><\/textarea><\/div><div id=\"wpforms-946-field_16-container\" class=\"wpforms-field wpforms-field-checkbox\" data-field-type=\"checkbox\" data-field-id=\"16\"><fieldset><legend class=\"wpforms-field-label\">Zustimmung zur Datenverarbeitung <span class=\"wpforms-required-label\" aria-hidden=\"true\">*<\/span><\/legend><ul id=\"wpforms-946-field_16\" class=\"wpforms-field-required\"><li class=\"choice-1 depth-1\"><input type=\"checkbox\" id=\"wpforms-946-field_16_1\" name=\"wpforms[fields][16][]\" value=\"Meine Daten d\u00fcrfen gespeichert und verarbeitet werden gem\u00e4\u00df der Datenschutzbestimmungen von kunterbunt-pfalz.de\" aria-errormessage=\"wpforms-946-field_16_1-error\" required ><label class=\"wpforms-field-label-inline\" for=\"wpforms-946-field_16_1\">Meine Daten d\u00fcrfen gespeichert und verarbeitet werden gem\u00e4\u00df der Datenschutzbestimmungen von kunterbunt-pfalz.de<\/label><\/li><\/ul><\/fieldset><\/div><script>\n\t\t\t\t( function() {\n\t\t\t\t\tconst style = document.createElement( 'style' );\n\t\t\t\t\tstyle.appendChild( document.createTextNode( '#wpforms-946-field_1-container { position: absolute !important; overflow: hidden !important; display: inline !important; height: 1px !important; width: 1px !important; z-index: -1000 !important; padding: 0 !important; } #wpforms-946-field_1-container input { visibility: hidden; } #wpforms-conversational-form-page #wpforms-946-field_1-container label { counter-increment: none; }' ) );\n\t\t\t\t\tdocument.head.appendChild( style );\n\t\t\t\t\tdocument.currentScript?.remove();\n\t\t\t\t} )();\n\t\t\t<\/script><\/div><!-- .wpforms-field-container --><div class=\"wpforms-submit-container\" ><input type=\"hidden\" name=\"wpforms[id]\" value=\"946\"><input type=\"hidden\" name=\"page_title\" value=\"\"><input type=\"hidden\" name=\"page_url\" value=\"https:\/\/kunterbunt-pfalz.de\/index.php\/wp-json\/wp\/v2\/pages\/961\"><input type=\"hidden\" name=\"url_referer\" value=\"\"><button type=\"submit\" name=\"wpforms[submit]\" id=\"wpforms-submit-946\" class=\"wpforms-submit\" data-alt-text=\"Wird gesendet\u00a0\u2026\" data-submit-text=\"Absenden\" aria-live=\"assertive\" value=\"wpforms-submit\">Absenden<\/button><img decoding=\"async\" src=\"https:\/\/kunterbunt-pfalz.de\/wp-content\/plugins\/wpforms\/assets\/images\/submit-spin.svg\" class=\"wpforms-submit-spinner\" style=\"display: none;\" width=\"26\" height=\"26\" alt=\"Wird geladen\"><\/div><\/form><\/div>  <!-- .wpforms-container -->\n","protected":false},"excerpt":{"rendered":"<p>Hiermit melde ich mich zur Kirche Kunterbunt-Konferenz am 29.8. in Bad D\u00fcrkheim an:<\/p>\n","protected":false},"author":1,"featured_media":849,"parent":0,"menu_order":0,"comment_status":"closed","ping_status":"closed","template":"","meta":{"cybocfi_hide_featured_image":"","footnotes":""},"class_list":["post-961","page","type-page","status-publish","has-post-thumbnail","hentry"],"yoast_head":"<!-- This site is optimized with the Yoast SEO plugin v26.1.1 - https:\/\/yoast.com\/wordpress\/plugins\/seo\/ -->\n<title>Anmeldung zur Konferenz - Kirche Kunterbunt in der Pfalz<\/title>\n<meta name=\"robots\" content=\"index, follow, max-snippet:-1, max-image-preview:large, max-video-preview:-1\" \/>\n<link rel=\"canonical\" href=\"https:\/\/kunterbunt-pfalz.de\/index.php\/anmeldung-konferenz\/\" \/>\n<meta property=\"og:locale\" content=\"de_DE\" \/>\n<meta property=\"og:type\" content=\"article\" \/>\n<meta property=\"og:title\" content=\"Anmeldung zur Konferenz - Kirche Kunterbunt in der Pfalz\" \/>\n<meta property=\"og:description\" content=\"Hiermit melde ich mich zur Kirche Kunterbunt-Konferenz am 29.8. in Bad D\u00fcrkheim an:\" \/>\n<meta property=\"og:url\" content=\"https:\/\/kunterbunt-pfalz.de\/index.php\/anmeldung-konferenz\/\" \/>\n<meta property=\"og:site_name\" content=\"Kirche Kunterbunt in der Pfalz\" \/>\n<meta property=\"article:modified_time\" content=\"2026-02-22T22:37:28+00:00\" \/>\n<meta property=\"og:image\" content=\"https:\/\/kunterbunt-pfalz.de\/wp-content\/uploads\/2025\/12\/konferenz-pfalz.jpg\" \/>\n\t<meta property=\"og:image:width\" content=\"800\" \/>\n\t<meta property=\"og:image:height\" content=\"800\" \/>\n\t<meta property=\"og:image:type\" content=\"image\/jpeg\" \/>\n<meta name=\"twitter:card\" content=\"summary_large_image\" \/>\n<meta name=\"twitter:label1\" content=\"Gesch\u00e4tzte Lesezeit\" \/>\n\t<meta name=\"twitter:data1\" content=\"1\u00a0Minute\" \/>\n<script type=\"application\/ld+json\" class=\"yoast-schema-graph\">{\"@context\":\"https:\/\/schema.org\",\"@graph\":[{\"@type\":\"WebPage\",\"@id\":\"https:\/\/kunterbunt-pfalz.de\/index.php\/anmeldung-konferenz\/\",\"url\":\"https:\/\/kunterbunt-pfalz.de\/index.php\/anmeldung-konferenz\/\",\"name\":\"Anmeldung zur Konferenz - Kirche Kunterbunt in der Pfalz\",\"isPartOf\":{\"@id\":\"https:\/\/kunterbunt-pfalz.de\/#website\"},\"primaryImageOfPage\":{\"@id\":\"https:\/\/kunterbunt-pfalz.de\/index.php\/anmeldung-konferenz\/#primaryimage\"},\"image\":{\"@id\":\"https:\/\/kunterbunt-pfalz.de\/index.php\/anmeldung-konferenz\/#primaryimage\"},\"thumbnailUrl\":\"https:\/\/kunterbunt-pfalz.de\/wp-content\/uploads\/2025\/12\/konferenz-pfalz.jpg\",\"datePublished\":\"2026-02-22T22:00:49+00:00\",\"dateModified\":\"2026-02-22T22:37:28+00:00\",\"breadcrumb\":{\"@id\":\"https:\/\/kunterbunt-pfalz.de\/index.php\/anmeldung-konferenz\/#breadcrumb\"},\"inLanguage\":\"de\",\"potentialAction\":[{\"@type\":\"ReadAction\",\"target\":[\"https:\/\/kunterbunt-pfalz.de\/index.php\/anmeldung-konferenz\/\"]}]},{\"@type\":\"ImageObject\",\"inLanguage\":\"de\",\"@id\":\"https:\/\/kunterbunt-pfalz.de\/index.php\/anmeldung-konferenz\/#primaryimage\",\"url\":\"https:\/\/kunterbunt-pfalz.de\/wp-content\/uploads\/2025\/12\/konferenz-pfalz.jpg\",\"contentUrl\":\"https:\/\/kunterbunt-pfalz.de\/wp-content\/uploads\/2025\/12\/konferenz-pfalz.jpg\",\"width\":800,\"height\":800},{\"@type\":\"BreadcrumbList\",\"@id\":\"https:\/\/kunterbunt-pfalz.de\/index.php\/anmeldung-konferenz\/#breadcrumb\",\"itemListElement\":[{\"@type\":\"ListItem\",\"position\":1,\"name\":\"Startseite\",\"item\":\"https:\/\/kunterbunt-pfalz.de\/\"},{\"@type\":\"ListItem\",\"position\":2,\"name\":\"Anmeldung zur Konferenz\"}]},{\"@type\":\"WebSite\",\"@id\":\"https:\/\/kunterbunt-pfalz.de\/#website\",\"url\":\"https:\/\/kunterbunt-pfalz.de\/\",\"name\":\"Kirche Kunterbunt in der Pfalz\",\"description\":\"\",\"publisher\":{\"@id\":\"https:\/\/kunterbunt-pfalz.de\/#organization\"},\"potentialAction\":[{\"@type\":\"SearchAction\",\"target\":{\"@type\":\"EntryPoint\",\"urlTemplate\":\"https:\/\/kunterbunt-pfalz.de\/?s={search_term_string}\"},\"query-input\":{\"@type\":\"PropertyValueSpecification\",\"valueRequired\":true,\"valueName\":\"search_term_string\"}}],\"inLanguage\":\"de\"},{\"@type\":\"Organization\",\"@id\":\"https:\/\/kunterbunt-pfalz.de\/#organization\",\"name\":\"Kirche Kunterbunt in der Pfalz\",\"url\":\"https:\/\/kunterbunt-pfalz.de\/\",\"logo\":{\"@type\":\"ImageObject\",\"inLanguage\":\"de\",\"@id\":\"https:\/\/kunterbunt-pfalz.de\/#\/schema\/logo\/image\/\",\"url\":\"https:\/\/kunterbunt-pfalz.de\/wp-content\/uploads\/2024\/01\/KircheKunterbunt_Logo_WebTransparent.png\",\"contentUrl\":\"https:\/\/kunterbunt-pfalz.de\/wp-content\/uploads\/2024\/01\/KircheKunterbunt_Logo_WebTransparent.png\",\"width\":2362,\"height\":1442,\"caption\":\"Kirche Kunterbunt in der Pfalz\"},\"image\":{\"@id\":\"https:\/\/kunterbunt-pfalz.de\/#\/schema\/logo\/image\/\"}}]}<\/script>\n<!-- \/ Yoast SEO plugin. -->","yoast_head_json":{"title":"Anmeldung zur Konferenz - Kirche Kunterbunt in der Pfalz","robots":{"index":"index","follow":"follow","max-snippet":"max-snippet:-1","max-image-preview":"max-image-preview:large","max-video-preview":"max-video-preview:-1"},"canonical":"https:\/\/kunterbunt-pfalz.de\/index.php\/anmeldung-konferenz\/","og_locale":"de_DE","og_type":"article","og_title":"Anmeldung zur Konferenz - Kirche Kunterbunt in der Pfalz","og_description":"Hiermit melde ich mich zur Kirche Kunterbunt-Konferenz am 29.8. in Bad D\u00fcrkheim an:","og_url":"https:\/\/kunterbunt-pfalz.de\/index.php\/anmeldung-konferenz\/","og_site_name":"Kirche Kunterbunt in der Pfalz","article_modified_time":"2026-02-22T22:37:28+00:00","og_image":[{"width":800,"height":800,"url":"https:\/\/kunterbunt-pfalz.de\/wp-content\/uploads\/2025\/12\/konferenz-pfalz.jpg","type":"image\/jpeg"}],"twitter_card":"summary_large_image","twitter_misc":{"Gesch\u00e4tzte Lesezeit":"1\u00a0Minute"},"schema":{"@context":"https:\/\/schema.org","@graph":[{"@type":"WebPage","@id":"https:\/\/kunterbunt-pfalz.de\/index.php\/anmeldung-konferenz\/","url":"https:\/\/kunterbunt-pfalz.de\/index.php\/anmeldung-konferenz\/","name":"Anmeldung zur Konferenz - Kirche Kunterbunt in der Pfalz","isPartOf":{"@id":"https:\/\/kunterbunt-pfalz.de\/#website"},"primaryImageOfPage":{"@id":"https:\/\/kunterbunt-pfalz.de\/index.php\/anmeldung-konferenz\/#primaryimage"},"image":{"@id":"https:\/\/kunterbunt-pfalz.de\/index.php\/anmeldung-konferenz\/#primaryimage"},"thumbnailUrl":"https:\/\/kunterbunt-pfalz.de\/wp-content\/uploads\/2025\/12\/konferenz-pfalz.jpg","datePublished":"2026-02-22T22:00:49+00:00","dateModified":"2026-02-22T22:37:28+00:00","breadcrumb":{"@id":"https:\/\/kunterbunt-pfalz.de\/index.php\/anmeldung-konferenz\/#breadcrumb"},"inLanguage":"de","potentialAction":[{"@type":"ReadAction","target":["https:\/\/kunterbunt-pfalz.de\/index.php\/anmeldung-konferenz\/"]}]},{"@type":"ImageObject","inLanguage":"de","@id":"https:\/\/kunterbunt-pfalz.de\/index.php\/anmeldung-konferenz\/#primaryimage","url":"https:\/\/kunterbunt-pfalz.de\/wp-content\/uploads\/2025\/12\/konferenz-pfalz.jpg","contentUrl":"https:\/\/kunterbunt-pfalz.de\/wp-content\/uploads\/2025\/12\/konferenz-pfalz.jpg","width":800,"height":800},{"@type":"BreadcrumbList","@id":"https:\/\/kunterbunt-pfalz.de\/index.php\/anmeldung-konferenz\/#breadcrumb","itemListElement":[{"@type":"ListItem","position":1,"name":"Startseite","item":"https:\/\/kunterbunt-pfalz.de\/"},{"@type":"ListItem","position":2,"name":"Anmeldung zur Konferenz"}]},{"@type":"WebSite","@id":"https:\/\/kunterbunt-pfalz.de\/#website","url":"https:\/\/kunterbunt-pfalz.de\/","name":"Kirche Kunterbunt in der Pfalz","description":"","publisher":{"@id":"https:\/\/kunterbunt-pfalz.de\/#organization"},"potentialAction":[{"@type":"SearchAction","target":{"@type":"EntryPoint","urlTemplate":"https:\/\/kunterbunt-pfalz.de\/?s={search_term_string}"},"query-input":{"@type":"PropertyValueSpecification","valueRequired":true,"valueName":"search_term_string"}}],"inLanguage":"de"},{"@type":"Organization","@id":"https:\/\/kunterbunt-pfalz.de\/#organization","name":"Kirche Kunterbunt in der Pfalz","url":"https:\/\/kunterbunt-pfalz.de\/","logo":{"@type":"ImageObject","inLanguage":"de","@id":"https:\/\/kunterbunt-pfalz.de\/#\/schema\/logo\/image\/","url":"https:\/\/kunterbunt-pfalz.de\/wp-content\/uploads\/2024\/01\/KircheKunterbunt_Logo_WebTransparent.png","contentUrl":"https:\/\/kunterbunt-pfalz.de\/wp-content\/uploads\/2024\/01\/KircheKunterbunt_Logo_WebTransparent.png","width":2362,"height":1442,"caption":"Kirche Kunterbunt in der Pfalz"},"image":{"@id":"https:\/\/kunterbunt-pfalz.de\/#\/schema\/logo\/image\/"}}]}},"_links":{"self":[{"href":"https:\/\/kunterbunt-pfalz.de\/index.php\/wp-json\/wp\/v2\/pages\/961","targetHints":{"allow":["GET"]}}],"collection":[{"href":"https:\/\/kunterbunt-pfalz.de\/index.php\/wp-json\/wp\/v2\/pages"}],"about":[{"href":"https:\/\/kunterbunt-pfalz.de\/index.php\/wp-json\/wp\/v2\/types\/page"}],"author":[{"embeddable":true,"href":"https:\/\/kunterbunt-pfalz.de\/index.php\/wp-json\/wp\/v2\/users\/1"}],"replies":[{"embeddable":true,"href":"https:\/\/kunterbunt-pfalz.de\/index.php\/wp-json\/wp\/v2\/comments?post=961"}],"version-history":[{"count":2,"href":"https:\/\/kunterbunt-pfalz.de\/index.php\/wp-json\/wp\/v2\/pages\/961\/revisions"}],"predecessor-version":[{"id":964,"href":"https:\/\/kunterbunt-pfalz.de\/index.php\/wp-json\/wp\/v2\/pages\/961\/revisions\/964"}],"wp:featuredmedia":[{"embeddable":true,"href":"https:\/\/kunterbunt-pfalz.de\/index.php\/wp-json\/wp\/v2\/media\/849"}],"wp:attachment":[{"href":"https:\/\/kunterbunt-pfalz.de\/index.php\/wp-json\/wp\/v2\/media?parent=961"}],"curies":[{"name":"wp","href":"https:\/\/api.w.org\/{rel}","templated":true}]}}